{"id":11,"date":"2019-10-30T12:00:50","date_gmt":"2019-10-30T11:00:50","guid":{"rendered":"http:\/\/serwer1802533.home.pl\/autoinstalator\/wordpressplugins\/?page_id=11"},"modified":"2023-02-13T17:55:47","modified_gmt":"2023-02-13T16:55:47","slug":"kontakt","status":"publish","type":"page","link":"https:\/\/wcieniuimperium.pl\/index.php\/kontakt\/","title":{"rendered":"Bohaterowie Graczy"},"content":{"rendered":"\n<h2>Eike Krawen<\/h2>\n\n\n\n<div class=\"wp-block-image\"><figure class=\"aligncenter size-large\"><img loading=\"lazy\" width=\"330\" height=\"330\" src=\"https:\/\/wcieniuimperium.pl\/wp-content\/uploads\/2023\/02\/Eike-Dress.png\" alt=\"\" class=\"wp-image-2461\" srcset=\"https:\/\/wcieniuimperium.pl\/wp-content\/uploads\/2023\/02\/Eike-Dress.png 330w, https:\/\/wcieniuimperium.pl\/wp-content\/uploads\/2023\/02\/Eike-Dress-300x300.png 300w, https:\/\/wcieniuimperium.pl\/wp-content\/uploads\/2023\/02\/Eike-Dress-150x150.png 150w, https:\/\/wcieniuimperium.pl\/wp-content\/uploads\/2023\/02\/Eike-Dress-100x100.png 100w\" sizes=\"(max-width: 330px) 100vw, 330px\" \/><\/figure><\/div>\n\n\n\n<div class=\"wp-block-file\"><a href=\"https:\/\/wcieniuimperium.pl\/wp-content\/uploads\/2023\/02\/Eike-Krawen.pdf\">Eike Krawen &#8211; Karta Postaci<\/a><a href=\"https:\/\/wcieniuimperium.pl\/wp-content\/uploads\/2023\/02\/Eike-Krawen.pdf\" class=\"wp-block-file__button\" download>Pobierz<\/a><\/div>\n\n\n<p style=\"text-align: justify;\">Ciekawo\u015b\u0107 \u015bwiata i ch\u0119\u0107 niesienia pomocy innym nap\u0119dzaj\u0105 rudow\u0142os\u0105 Eike w r\u00f3wnym stopniu co s\u0142abo\u015b\u0107 do korali, wszelkich b\u0142yskotek i nowych stroj\u00f3w. Wywodz\u0105c si\u0119 z ma\u0142ej miejscowo\u015bci na granicy Wissenladu i Starego Sollandu, c\u00f3rka my\u015bliwego nie mog\u0142aby marzy\u0107 o studiach medycznych na uniwersytecie w Nuln, gdyby nie splot wydarze\u0144, zwany przez niekt\u00f3rych r\u0119k\u0105 bog\u00f3w lub przeznaczeniem. Nadu\u017cyciem by\u0142oby jednak stwierdzenie, \u017ce by\u0142 to szcz\u0119\u015bliwy zbieg okoliczno\u015bci. <a href=\"https:\/\/wcieniuimperium.pl\/index.php\/eike\/\">Czytaj Dalej&#8230;<\/a><\/p>\n\n\n<h2>Sigmund Tannhauser<\/h2>\n\n\n\n<div class=\"wp-block-image\"><figure class=\"aligncenter size-large\"><img loading=\"lazy\" width=\"330\" height=\"330\" src=\"https:\/\/wcieniuimperium.pl\/wp-content\/uploads\/2023\/02\/Sigmund-5.png\" alt=\"\" class=\"wp-image-2462\" srcset=\"https:\/\/wcieniuimperium.pl\/wp-content\/uploads\/2023\/02\/Sigmund-5.png 330w, https:\/\/wcieniuimperium.pl\/wp-content\/uploads\/2023\/02\/Sigmund-5-300x300.png 300w, https:\/\/wcieniuimperium.pl\/wp-content\/uploads\/2023\/02\/Sigmund-5-150x150.png 150w, https:\/\/wcieniuimperium.pl\/wp-content\/uploads\/2023\/02\/Sigmund-5-100x100.png 100w\" sizes=\"(max-width: 330px) 100vw, 330px\" \/><\/figure><\/div>\n\n\n\n<div class=\"wp-block-file\"><a href=\"https:\/\/wcieniuimperium.pl\/wp-content\/uploads\/2023\/02\/Sigmund-Tannhauser.pdf\">Sigmund Tannhauser &#8211; Karta Postaci<\/a><a href=\"https:\/\/wcieniuimperium.pl\/wp-content\/uploads\/2023\/02\/Sigmund-Tannhauser.pdf\" class=\"wp-block-file__button\" download>Pobierz<\/a><\/div>\n\n\n<p style=\"text-align: justify;\">Wysoko urodzony, zamo\u017cny, przystojny, dobrze zbudowany &#8211; to tylko kilka z przymiot\u00f3w, kt\u00f3re kompletnie nie pasuj\u0105 do Sigmunda Tannhausera. \u015awie\u017co upieczony Alchemik nie wpad\u0142by pewnie nawet na pomys\u0142 ruszenia w \u015bwiat, gdyby nie przyk\u0142ad przyjaci\u00f3\u0142 z kolegium magii w Altdorfie. <a href=\"https:\/\/wcieniuimperium.pl\/index.php\/sigmund\/\">Czytaj Dalej&#8230;<\/a><\/p>\n\n\n<h2>Werner G\u00f6rder<\/h2>\n\n\n\n<div class=\"wp-block-image\"><figure class=\"aligncenter size-large\"><img loading=\"lazy\" width=\"330\" height=\"330\" src=\"https:\/\/wcieniuimperium.pl\/wp-content\/uploads\/2023\/02\/Werner-4.png\" alt=\"\" class=\"wp-image-2463\" srcset=\"https:\/\/wcieniuimperium.pl\/wp-content\/uploads\/2023\/02\/Werner-4.png 330w, https:\/\/wcieniuimperium.pl\/wp-content\/uploads\/2023\/02\/Werner-4-300x300.png 300w, https:\/\/wcieniuimperium.pl\/wp-content\/uploads\/2023\/02\/Werner-4-150x150.png 150w, https:\/\/wcieniuimperium.pl\/wp-content\/uploads\/2023\/02\/Werner-4-100x100.png 100w\" sizes=\"(max-width: 330px) 100vw, 330px\" \/><\/figure><\/div>\n\n\n\n<div class=\"wp-block-file\"><a href=\"https:\/\/wcieniuimperium.pl\/wp-content\/uploads\/2023\/02\/Werner-Gorder.pdf\">Werner G\u00f6rder &#8211; Karta Postaci<\/a><a href=\"https:\/\/wcieniuimperium.pl\/wp-content\/uploads\/2023\/02\/Werner-Gorder.pdf\" class=\"wp-block-file__button\" download>Pobierz<\/a><\/div>\n\n\n\n<p style=\"text-align: justify;\">M\u0142ody Reiklandczyk zainteresowany bardziej u\u015bmiechem Katy&#8217;i i Ranalda, ni\u017c pos\u0119pnym zawodzeniem sigmaryt\u00f3w. Z Ubersreik wyruszy\u0142 w drog\u0119 z g\u0142ow\u0105 pe\u0142n\u0105 wyobra\u017ce\u0144 na temat rycerskich czyn\u00f3w, kt\u00f3rych dokona, pi\u0119knych dam, kt\u00f3rych serca podbije oraz bogactw, kt\u00f3re zdob\u0119dzie w lekki i przyjemny spos\u00f3b, w czym wcale nie b\u0119dzie mu przeszkadza\u0107 plebejskie pochodzenie. <a href=\"https:\/\/wcieniuimperium.pl\/index.php\/werner\/\">Czytaj Dalej&#8230;<\/a><\/p>\n","protected":false},"excerpt":{"rendered":"<p>Eike Krawen Ciekawo\u015b\u0107 \u015bwiata i ch\u0119\u0107 niesienia pomocy innym nap\u0119dzaj\u0105 rudow\u0142os\u0105 Eike w r\u00f3wnym stopniu co s\u0142abo\u015b\u0107 do korali, wszelkich b\u0142yskotek i nowych stroj\u00f3w. Wywodz\u0105c si\u0119 z ma\u0142ej miejscowo\u015bci na granicy Wissenladu i Starego Sollandu, c\u00f3rka my\u015bliwego nie mog\u0142aby marzy\u0107 o studiach medycznych na uniwersytecie w Nuln, gdyby nie splot wydarze\u0144, zwany przez niekt\u00f3rych r\u0119k\u0105<\/p>\n<div class=\"read-more-wrapper\"><a class=\"read-more\" href=\"https:\/\/wcieniuimperium.pl\/index.php\/kontakt\/\" title=\"Read More\"> <span class=\"button \">Read More<\/span><\/a><\/div>\n","protected":false},"author":1,"featured_media":0,"parent":0,"menu_order":0,"comment_status":"closed","ping_status":"closed","template":"","meta":{"_monsterinsights_skip_tracking":false,"_monsterinsights_sitenote_active":false,"_monsterinsights_sitenote_note":"","_monsterinsights_sitenote_category":0},"_links":{"self":[{"href":"https:\/\/wcieniuimperium.pl\/index.php\/wp-json\/wp\/v2\/pages\/11"}],"collection":[{"href":"https:\/\/wcieniuimperium.pl\/index.php\/wp-json\/wp\/v2\/pages"}],"about":[{"href":"https:\/\/wcieniuimperium.pl\/index.php\/wp-json\/wp\/v2\/types\/page"}],"author":[{"embeddable":true,"href":"https:\/\/wcieniuimperium.pl\/index.php\/wp-json\/wp\/v2\/users\/1"}],"replies":[{"embeddable":true,"href":"https:\/\/wcieniuimperium.pl\/index.php\/wp-json\/wp\/v2\/comments?post=11"}],"version-history":[{"count":2,"href":"https:\/\/wcieniuimperium.pl\/index.php\/wp-json\/wp\/v2\/pages\/11\/revisions"}],"predecessor-version":[{"id":2464,"href":"https:\/\/wcieniuimperium.pl\/index.php\/wp-json\/wp\/v2\/pages\/11\/revisions\/2464"}],"wp:attachment":[{"href":"https:\/\/wcieniuimperium.pl\/index.php\/wp-json\/wp\/v2\/media?parent=11"}],"curies":[{"name":"wp","href":"https:\/\/api.w.org\/{rel}","templated":true}]}}