{"id":12,"date":"2019-10-30T12:00:50","date_gmt":"2019-10-30T11:00:50","guid":{"rendered":"http:\/\/serwer1802533.home.pl\/autoinstalator\/wordpressplugins\/?page_id=12"},"modified":"2024-01-04T12:41:10","modified_gmt":"2024-01-04T11:41:10","slug":"blog","status":"publish","type":"page","link":"https:\/\/wcieniuimperium.pl\/index.php\/blog\/","title":{"rendered":"Breto\u0144skie Legendy"},"content":{"rendered":"\n<p><strong>&#8222;Breto\u0144kie Legendy&#8221;<\/strong> &#8211; To autorska kampania do WFRP 4e. prowadzona<em> (przewa\u017cnie) <\/em>za po\u015brednictwem Foundry VTT, opowiadaj\u0105ca o <a href=\"https:\/\/wcieniuimperium.pl\/index.php\/kontakt\/\">grupie \u015bmia\u0142k\u00f3w<\/a> z Imperium<em> (<a href=\"https:\/\/wcieniuimperium.pl\/index.php\/eike\/\">Eike Kraven<\/a>, <a href=\"https:\/\/wcieniuimperium.pl\/index.php\/sigmund\/\">Sigmund Tannhauser<\/a>, <a href=\"https:\/\/wcieniuimperium.pl\/index.php\/werner\/\">Werner G\u00f6rder<\/a>) <\/em>kt\u00f3rzy podr\u00f3\u017cuj\u0105c przez magiczne Kr\u00f3lestwo Bretonii poznaj\u0105c t\u0119 krain\u0119, jej mieszka\u0144c\u00f3w i nierzadko pakuj\u0105c si\u0119 w tarapaty.<br><br>Kampania sk\u0142ada si\u0119 z powi\u0105zanych ze sob\u0105 przyg\u00f3d, kt\u00f3re mo\u017cna ogl\u0105da\u0107 jako osobne historie, lub jedn\u0105 ca\u0142o\u015b\u0107. Kampania zako\u0144czy\u0142a si\u0119 po 29 odcinkach. Teraz ci sami Bohaterowie wyruszaj\u0105 dalej w ramach nowej kampanii <strong>&#8222;Morskie Opowie\u015bci&#8221;<\/strong>. <\/p>\n\n\n\n<h2>Podsumowanie Kampanii<\/h2>\n\n\n\n<p>W\u0142a\u015bnie zako\u0144czyli\u015bmy nasze przygody w Bretonii, w tym odcinku przypominamy sobie wydarzenia z kampanii, rozmawiamy o tym co Bohater\u00f3w Graczy zagna\u0142o do Kr\u00f3lestwa Bretonii, oraz zastanawiamy si\u0119 co przyniesie podr\u00f3\u017c statkiem do brzeg\u00f3w s\u0142onecznej Tileii w pogoni za pot\u0119\u017cn\u0105 wampirzyc\u0105.<\/p>\n\n\n\n<figure class=\"wp-block-embed is-type-video is-provider-youtube wp-block-embed-youtube wp-embed-aspect-16-9 wp-has-aspect-ratio\"><div class=\"wp-block-embed__wrapper\">\n<div class=\"embed-container\"><iframe loading=\"lazy\" title=\"Podsumowanie Kampanii | Breto\u0144skie legendy cz. 30 | Warhammer 4e | Sesja RPG | FoundryVTT\" width=\"1170\" height=\"658\" src=\"https:\/\/www.youtube.com\/embed\/5gdvfAAG3ts?feature=oembed\" frameborder=\"0\" allow=\"accelerometer; autoplay; clipboard-write; encrypted-media; gyroscope; picture-in-picture; web-share\" allowfullscreen><\/iframe><\/div>\n<\/div><\/figure>\n\n\n\n<h2>Mousillon<\/h2>\n\n\n\n<p><em><strong>Cz\u0119\u015b\u0107 21-29<\/strong><\/em><\/p>\n\n\n\n<p>Bohaterowie wyruszaj\u0105 do przekl\u0119tego Mousillon, staj\u0105c na przeciw niebezpiecznych bagien, nieumar\u0142ych i pirat\u00f3w. Pod\u0105\u017caj\u0105 tropem zar\u00f3wno Nekromantki &#8211; co do kt\u00f3rej maj\u0105 mocne przekonanie, \u017ce mo\u017ce by\u0107 wampirzyc\u0105 &#8211; oraz Czarnego Rycerza b\u0119d\u0105cego jej ochroniarzem i pomocnikiem. Na szcz\u0119\u015bcie w tych ci\u0119\u017ckich chwilach pozyskuj\u0105 nieoczekiwanego sojusznika w postaci jednego z dzielnych rycerzy Mousillon&#8230;<\/p>\n\n\n\n<figure class=\"wp-block-embed is-type-video is-provider-youtube wp-block-embed-youtube wp-embed-aspect-16-9 wp-has-aspect-ratio\"><div class=\"wp-block-embed__wrapper\">\n<div class=\"embed-container\"><iframe loading=\"lazy\" title=\"Przekl\u0119te Bagna | Breto\u0144skie legendy cz. 21 | Warhammer | Sesja RPG | FoundryVTT\" width=\"1170\" height=\"658\" src=\"https:\/\/www.youtube.com\/embed\/2bsRw1Z5wME?feature=oembed\" frameborder=\"0\" allow=\"accelerometer; autoplay; clipboard-write; encrypted-media; gyroscope; picture-in-picture; web-share\" allowfullscreen><\/iframe><\/div>\n<\/div><\/figure>\n\n\n\n<h2>Turris Vigilans<\/h2>\n\n\n\n<p><em><strong>Cz\u0119\u015bci 18-20<\/strong><\/em><\/p>\n\n\n\n<p>Gracze zdaj\u0105 sobie spraw\u0119, \u017ce wci\u0105\u017c pod\u0105\u017caj\u0105c tropem Nekromantki b\u0119d\u0105 musieli zapewne uda\u0107 si\u0119 do przekl\u0119tego Moussilion, nim jednak tam dotr\u0105 zaznaj\u0105 odpoczynku w nadmorskim Bordeleaux, a w Turris Vigilan &#8211; \u015bwi\u0105tyni Vereny &#8211; dowiedz\u0105 si\u0119 poznaj\u0105 nowe informacje na temat przeciwniczki, kt\u00f3rej tropem pod\u0105\u017caj\u0105 od tak dawna.<\/p>\n\n\n\n<figure class=\"wp-block-embed is-type-video is-provider-youtube wp-block-embed-youtube wp-embed-aspect-16-9 wp-has-aspect-ratio\"><div class=\"wp-block-embed__wrapper\">\n<div class=\"embed-container\"><iframe loading=\"lazy\" title=\"Bordeleaux | Breto\u0144skie legendy cz. 18 | Warhammer | Sesja RPG | FoundryVTT\" width=\"1170\" height=\"658\" src=\"https:\/\/www.youtube.com\/embed\/BDuTyhj87-I?list=PL0JRs_IlrjfHvANdoqZd_ycvG8lfNgJ94\" frameborder=\"0\" allow=\"accelerometer; autoplay; clipboard-write; encrypted-media; gyroscope; picture-in-picture; web-share\" allowfullscreen><\/iframe><\/div>\n<\/div><\/figure>\n\n\n\n<h2>Derrevin Libre<\/h2>\n\n\n\n<p><strong><em>Cz\u0119\u015bci 17 i 17,5<\/em><\/strong><\/p>\n\n\n\n<p>Wyj\u0105tkowa wioska, kt\u00f3ra og\u0142osi\u0142a niepodleg\u0142o\u015b\u0107, chc\u0105c stworzy\u0107 miejsce dostatku i szcz\u0119\u015bcia dla wolnych i pracuj\u0105cych ch\u0142op\u00f3w Breto\u0144skich zm\u0119czonych jarzmem narzuconym przez panuj\u0105c\u0105 szlacht\u0119. Polityka, zdrada i szansa na zarobienie z\u0142ota staj\u0105 przed bohaterami w tej przygodzie.<\/p>\n\n\n\n<figure class=\"wp-block-embed is-type-video is-provider-youtube wp-block-embed-youtube wp-embed-aspect-16-9 wp-has-aspect-ratio\"><div class=\"wp-block-embed__wrapper\">\n<div class=\"embed-container\"><iframe loading=\"lazy\" title=\"Wolno\u015b\u0107 ch\u0142opska | Breto\u0144skie legendy cz. 17 | Warhammer | Sesja RPG | FoundryVTT\" width=\"1170\" height=\"658\" src=\"https:\/\/www.youtube.com\/embed\/7DHkfYx6kno?list=PL0JRs_IlrjfHvANdoqZd_ycvG8lfNgJ94\" frameborder=\"0\" allow=\"accelerometer; autoplay; clipboard-write; encrypted-media; gyroscope; picture-in-picture; web-share\" allowfullscreen><\/iframe><\/div>\n<\/div><\/figure>\n\n\n\n<h2>Kurhaby Cuileux<\/h2>\n\n\n\n<p><strong><em>Cz\u0119\u015bci 12-16<\/em><\/strong><\/p>\n\n\n\n<p>Dru\u017cyna pod\u0105\u017caj\u0105c tropem pewnej Nekromantki trafia do klasztoru Morra, gdzie podejmuje si\u0119 zadania odnalezienia Brata Artura, kt\u00f3ry wyruszy\u0142 na pielgrzymk\u0119 do owianych z\u0142\u0105 \u0142aw\u0105 grobowc\u00f3w znanych miejscowym jako Kurhaby Cuileux.<\/p>\n\n\n\n<figure class=\"wp-block-embed is-type-video is-provider-youtube wp-block-embed-youtube wp-embed-aspect-16-9 wp-has-aspect-ratio\"><div class=\"wp-block-embed__wrapper\">\n<div class=\"embed-container\"><iframe loading=\"lazy\" title=\"Pielgrzymi Graala | Breto\u0144skie legendy cz. 12 | Warhammer | Sesja RPG | FoundryVTT\" width=\"1170\" height=\"658\" src=\"https:\/\/www.youtube.com\/embed\/92V4ttFLPI4?list=PL0JRs_IlrjfHvANdoqZd_ycvG8lfNgJ94\" frameborder=\"0\" allow=\"accelerometer; autoplay; clipboard-write; encrypted-media; gyroscope; picture-in-picture; web-share\" allowfullscreen><\/iframe><\/div>\n<\/div><\/figure>\n\n\n\n<h2>Bestia z G\u00e9vaudan<\/h2>\n\n\n\n<p><strong><em>Cz\u0119\u015bci 8-11<\/em><\/strong><\/p>\n\n\n\n<p>Zaczynaj\u0105c podczas szalej\u0105cej burzy zbieg okoliczno\u015bci prowadzi bohater\u00f3w do Athel Loren z kt\u00f3rego trafiaj\u0105 do ma\u0142ego kasztelu G\u00e9vaudan gdzie wpl\u0105taj\u0105 si\u0119 w \u015bledztwo zwi\u0105zane z tajemnicz\u0105 besti\u0105, rozgrywkami wewn\u0105trz szlacheckiej rodziny i intrygami si\u0119gaj\u0105cymi daleko dalej ni\u017c mogliby przypuszcza\u0107. A z ko\u0144cem tej przygody zdecyduj\u0105 si\u0119 podr\u00f3\u017cowa\u0107 tropem pewnej tajemniczej kobiety.<\/p>\n\n\n\n<figure class=\"wp-block-embed is-type-video is-provider-youtube wp-block-embed-youtube wp-embed-aspect-16-9 wp-has-aspect-ratio\"><div class=\"wp-block-embed__wrapper\">\n<div class=\"embed-container\"><iframe loading=\"lazy\" title=\"Athel Loren | Breto\u0144skie legendy cz. 8 | Warhammer | Sesja RPG | FoundryVTT\" width=\"1170\" height=\"658\" src=\"https:\/\/www.youtube.com\/embed\/ApdSds-Aia8?list=PL0JRs_IlrjfHvANdoqZd_ycvG8lfNgJ94\" frameborder=\"0\" allow=\"accelerometer; autoplay; clipboard-write; encrypted-media; gyroscope; picture-in-picture; web-share\" allowfullscreen><\/iframe><\/div>\n<\/div><\/figure>\n\n\n\n<h2>Jaskinie i Potwory<\/h2>\n\n\n\n<p><strong><em>Cz\u0119\u015b\u0107 7<\/em><\/strong><\/p>\n\n\n\n<p>Bohaterowie b\u0119d\u0105 mieli okazje przedziera\u0107 si\u0119 przez rozleg\u0142\u0105 sie\u0107 tuneli rozrastaj\u0105c\u0105 si\u0119 pod stolic\u0105 prowincji, oraz pozna\u0107 do\u015b\u0107 nietypowe istoty je zamieszkuj\u0105ce.<\/p>\n\n\n\n<figure class=\"wp-block-embed is-type-video is-provider-youtube wp-block-embed-youtube wp-embed-aspect-16-9 wp-has-aspect-ratio\"><div class=\"wp-block-embed__wrapper\">\n<div class=\"embed-container\"><iframe loading=\"lazy\" title=\"Jaskinie i potwory | Breto\u0144skie legendy cz. 7 | Warhammer | Sesja RPG | FoundryVTT\" width=\"1170\" height=\"658\" src=\"https:\/\/www.youtube.com\/embed\/CeOrv341WFU?list=PL0JRs_IlrjfHvANdoqZd_ycvG8lfNgJ94\" frameborder=\"0\" allow=\"accelerometer; autoplay; clipboard-write; encrypted-media; gyroscope; picture-in-picture; web-share\" allowfullscreen><\/iframe><\/div>\n<\/div><\/figure>\n\n\n\n<h2>Srebrny Lis<\/h2>\n\n\n\n<p><em><strong>Cz\u0119\u015bci 3-6<\/strong><\/em><\/p>\n<p>Bohaterowie docieraj\u0105 do Parravonu i l\u0105duj\u0105 w samym \u015brodku konfliktu mi\u0119dzy lokaln\u0105 szlacht\u0105, a walcz\u0105cym o prawa ciemi\u0119\u017conego ludu banit\u0105 &#8211; Srebrnym Lisem &#8211; co zmusza ich do stani\u0119cia po kt\u00f3rej\u015b ze tron, wyb\u00f3r jednak wcale nie jet taki \u0142atwy.<\/p>\n\n\n\n<figure class=\"wp-block-embed is-type-video is-provider-youtube wp-block-embed-youtube wp-embed-aspect-16-9 wp-has-aspect-ratio\"><div class=\"wp-block-embed__wrapper\">\n<div class=\"embed-container\"><iframe loading=\"lazy\" title=\"Imperialne ogary | Breto\u0144skie legendy cz. 3 | Warhammer | Sesja RPG | FoundryVTT\" width=\"1170\" height=\"658\" src=\"https:\/\/www.youtube.com\/embed\/JGPGWdcywW4?list=PL0JRs_IlrjfHvANdoqZd_ycvG8lfNgJ94\" frameborder=\"0\" allow=\"accelerometer; autoplay; clipboard-write; encrypted-media; gyroscope; picture-in-picture; web-share\" allowfullscreen><\/iframe><\/div>\n<\/div><\/figure>\n\n\n\n<h2>Prze\u0142\u0119cz Szarej Pani<\/h2>\n\n\n\n<p><em><strong>Cz\u0119\u015bci 1-2<\/strong><\/em><br><br>Podr\u00f3\u017c do Bretonii przez Prze\u0142\u0119cz Szarej Pani, kt\u00f3ra rzuca graczom wyzwanie podczas sesji drogi przedstawiaj\u0105c d\u0142ug\u0105 i krwaw\u0105 histori\u0119 granicy Imperialno-Breto\u0144askiej, oraz oczy\u015bcicie widmo samej Szarej Panii, o kt\u00f3rej miejscowi wci\u0105\u017c opowiadaj\u0105 \u015bciszonym g\u0142osem przy ogniskach i w gospodach.<\/p>\n\n\n\n<figure class=\"wp-block-embed is-type-video is-provider-youtube wp-block-embed-youtube wp-embed-aspect-16-9 wp-has-aspect-ratio\"><div class=\"wp-block-embed__wrapper\">\n<div class=\"embed-container\"><iframe loading=\"lazy\" title=\"Prze\u0142\u0119cz Szarej Pani | Breto\u0144skie legendy cz. 1 | Warhammer | Sesja RPG | Roll20\" width=\"1170\" height=\"658\" src=\"https:\/\/www.youtube.com\/embed\/U99NX1_utOM?list=PL0JRs_IlrjfHvANdoqZd_ycvG8lfNgJ94\" frameborder=\"0\" allow=\"accelerometer; autoplay; clipboard-write; encrypted-media; gyroscope; picture-in-picture; web-share\" allowfullscreen><\/iframe><\/div>\n<\/div><\/figure>\n","protected":false},"excerpt":{"rendered":"<p>&#8222;Breto\u0144kie Legendy&#8221; &#8211; To autorska kampania do WFRP 4e. prowadzona (przewa\u017cnie) za po\u015brednictwem Foundry VTT, opowiadaj\u0105ca o grupie \u015bmia\u0142k\u00f3w z Imperium (Eike Kraven, Sigmund Tannhauser, Werner G\u00f6rder) kt\u00f3rzy podr\u00f3\u017cuj\u0105c przez magiczne Kr\u00f3lestwo Bretonii poznaj\u0105c t\u0119 krain\u0119, jej mieszka\u0144c\u00f3w i nierzadko pakuj\u0105c si\u0119 w tarapaty. Kampania sk\u0142ada si\u0119 z powi\u0105zanych ze sob\u0105 przyg\u00f3d, kt\u00f3re mo\u017cna ogl\u0105da\u0107<\/p>\n<div class=\"read-more-wrapper\"><a class=\"read-more\" href=\"https:\/\/wcieniuimperium.pl\/index.php\/blog\/\" title=\"Read More\"> <span class=\"button \">Read More<\/span><\/a><\/div>\n","protected":false},"author":1,"featured_media":0,"parent":0,"menu_order":0,"comment_status":"closed","ping_status":"closed","template":"","meta":{"_monsterinsights_skip_tracking":false,"_monsterinsights_sitenote_active":false,"_monsterinsights_sitenote_note":"","_monsterinsights_sitenote_category":0},"_links":{"self":[{"href":"https:\/\/wcieniuimperium.pl\/index.php\/wp-json\/wp\/v2\/pages\/12"}],"collection":[{"href":"https:\/\/wcieniuimperium.pl\/index.php\/wp-json\/wp\/v2\/pages"}],"about":[{"href":"https:\/\/wcieniuimperium.pl\/index.php\/wp-json\/wp\/v2\/types\/page"}],"author":[{"embeddable":true,"href":"https:\/\/wcieniuimperium.pl\/index.php\/wp-json\/wp\/v2\/users\/1"}],"replies":[{"embeddable":true,"href":"https:\/\/wcieniuimperium.pl\/index.php\/wp-json\/wp\/v2\/comments?post=12"}],"version-history":[{"count":29,"href":"https:\/\/wcieniuimperium.pl\/index.php\/wp-json\/wp\/v2\/pages\/12\/revisions"}],"predecessor-version":[{"id":2742,"href":"https:\/\/wcieniuimperium.pl\/index.php\/wp-json\/wp\/v2\/pages\/12\/revisions\/2742"}],"wp:attachment":[{"href":"https:\/\/wcieniuimperium.pl\/index.php\/wp-json\/wp\/v2\/media?parent=12"}],"curies":[{"name":"wp","href":"https:\/\/api.w.org\/{rel}","templated":true}]}}