{"id":88,"date":"2019-11-01T13:47:25","date_gmt":"2019-11-01T12:47:25","guid":{"rendered":"http:\/\/serwer1802533.home.pl\/autoinstalator\/wordpressplugins\/?page_id=88"},"modified":"2023-02-10T23:46:40","modified_gmt":"2023-02-10T22:46:40","slug":"eike","status":"publish","type":"page","link":"https:\/\/wcieniuimperium.pl\/index.php\/eike\/","title":{"rendered":"Eike Kraven"},"content":{"rendered":"\n<div class=\"wp-block-file\"><a href=\"https:\/\/wcieniuimperium.pl\/wp-content\/uploads\/2023\/02\/Eike-Krawen.pdf\">Eike-Krawen &#8211; Karta Postaci<\/a><a href=\"https:\/\/wcieniuimperium.pl\/wp-content\/uploads\/2023\/02\/Eike-Krawen.pdf\" class=\"wp-block-file__button\" download>Pobierz<\/a><\/div>\n\n\n<p style=\"text-align: justify;\">Ciekawo\u015b\u0107 \u015bwiata i ch\u0119\u0107 niesienia pomocy innym nap\u0119dzaj\u0105 rudow\u0142os\u0105 Eike w r\u00f3wnym stopniu co s\u0142abo\u015b\u0107 do korali, wszelkich b\u0142yskotek i nowych stroj\u00f3w. Wywodz\u0105c si\u0119 z ma\u0142ej miejscowo\u015bci na granicy Wissenladu i Starego Sollandu, c\u00f3rka my\u015bliwego nie mog\u0142aby marzy\u0107 o studiach medycznych na uniwersytecie w Nuln, gdyby nie splot wydarze\u0144, zwany przez niekt\u00f3rych r\u0119k\u0105 bog\u00f3w lub przeznaczeniem. Nadu\u017cyciem by\u0142oby jednak stwierdzenie, \u017ce by\u0142 to szcz\u0119\u015bliwy zbieg okoliczno\u015bci.<\/p>\n<p style=\"text-align: justify;\">Podczas polowania, ojciec Eike uratowa\u0142 lokalnego w\u0142adyk\u0119 przed szar\u017cuj\u0105cym dzikiem, sam otrzyma\u0142 jednak \u015bmierteln\u0105 ran\u0119; zmar\u0142, zanim zd\u0105\u017cy\u0142 przyby\u0107 jedyny w okolicy lekarz. W g\u0142owie Eike d\u0142ugo ko\u0142ata\u0142a si\u0119 my\u015bl: \u201cGdybym tylko wiedzia\u0142a, co zrobi\u0107, nadal by \u017cy\u0142\u201d. I chocia\u017c pe\u0142en wdzi\u0119czno\u015bci szlachcic, dostrzegaj\u0105c potencja\u0142 dziewczyny, op\u0142aci\u0142 jej czesne na uniwersytecie, w \u017caden spos\u00f3b nie rekompensowa\u0142o to straty. Gdyby wiedzia\u0142a, \u017ce to jedynie pierwsza z tragedi, kt\u00f3re mia\u0142y dotkn\u0105\u0107 j\u0105 i jej rodzin\u0119&#8230;<\/p>\n<p style=\"text-align: justify;\">Czas studi\u00f3w nie nale\u017ca\u0142 do naj\u0142atwiejszych w \u017cyciu Eike. O ile aklimatyzacja w mie\u015bcie tak ogromnym jak Nuln przysz\u0142a stosunkowo \u0142atwo, o tyle bra\u0107 akademicka nie przywita\u0142a jej z otwartymi ramionami. W ko\u0144cu ubogie wie\u015bniaczki powinny zna\u0107 swoje miejsce i nie pcha\u0107 si\u0119 mi\u0119dzy \u015bmietank\u0119 m\u0142odej szlachty ani narybek szacownych mieszczan. Studia up\u0142yn\u0119\u0142y zatem Eike na samotnym zg\u0142\u0119bianiu wolumin\u00f3w i wytrwa\u0142ym wkuwaniu, by udowodni\u0107 sobie, profesorom i ca\u0142emu \u015bwiatu, \u017ce status spo\u0142eczny nie zawsze warunkuje poziom inteligencji.<\/p>\n<p style=\"text-align: justify;\">Tymczasem w sielsko-anielskim i cichym jak obora o p\u00f3\u0142nocy Wahensalle, jej rodzinnej miejscowo\u015bci, znienacka wybuch\u0142a epidemia Ratte Fever\u2026 Tyle wiadomo. Gdy kolejny raz odwiedzi\u0142a rodzin\u0119, przywita\u0142y j\u0105 spalone zgliszcza ca\u0142ej wioski. By nie my\u015ble\u0107, rzuci\u0142a si\u0119 w wir nauki.<\/p>\n<p style=\"text-align: justify;\">Zdobywszy w ko\u0144cu upragniony dyplom medyka, z g\u0142ow\u0105 pe\u0142n\u0105 idealistycznych wizji niesienia pomocy potrzebuj\u0105cym na szlakach i og\u00f3lnego ratowania \u015bwiata, Eike wyruszy\u0142a odby\u0107 praktyk\u0119 w\u015br\u00f3d robotnik\u00f3w g\u00f3rskich kopalni. Rzeczywisto\u015b\u0107 szybko przeros\u0142a jej naj\u015bmielsze oczekiwania, w sensie dalekim od pozytywnego. B\u0119d\u0105c jednak dzieln\u0105 m\u0142od\u0105 lekark\u0105 nie pozwoli\u0142a, by ponure realia przygniot\u0142y jej wiar\u0119 w pot\u0119g\u0119 medycyny. Zamiast przyzna\u0107, jak niewiele mo\u017ce zdzia\u0142a\u0107 jej podstawowa wiedza w po\u0142\u0105czeniu z kilkoma nalewkami i smarowid\u0142ami, dosz\u0142a do logicznego wniosku, \u017ce do pe\u0142ni kompetencji zawodowych brakuje jej umiej\u0119tno\u015bci krojenia, sk\u0142adania i szycia wszelakich cz\u0119\u015bci cia\u0142a, potocznie zwanej chirurgi\u0105. Z mocnym postanowieniem wyeliminowania tego drobnego niedoci\u0105gni\u0119cia, wyruszy\u0142a w kierunku Wusterburga, gdzie ma nadziej\u0119 znale\u017a\u0107 rzetelnego i wyrozumia\u0142ego fachowca, kt\u00f3ry przyjmie j\u0105 do terminu.<\/p>\n<p style=\"text-align: justify;\">I niewiele os\u00f3b wie, \u017ce pod ujmuj\u0105cym u\u015bmiechem Eike skrywa swoj\u0105 smutn\u0105 przesz\u0142o\u015b\u0107, i tak naprawd\u0119 szuka swojego miejsca na \u015bwiecie, w kt\u00f3rym nie ma ju\u017c ani domu, ani rodziny, do kt\u00f3rej mog\u0142aby wr\u00f3ci\u0107.<\/p>","protected":false},"excerpt":{"rendered":"<p>Ciekawo\u015b\u0107 \u015bwiata i ch\u0119\u0107 niesienia pomocy innym nap\u0119dzaj\u0105 rudow\u0142os\u0105 Eike w r\u00f3wnym stopniu co s\u0142abo\u015b\u0107 do korali, wszelkich b\u0142yskotek i nowych stroj\u00f3w. Wywodz\u0105c si\u0119 z ma\u0142ej miejscowo\u015bci na granicy Wissenladu i Starego Sollandu, c\u00f3rka my\u015bliwego nie mog\u0142aby marzy\u0107 o studiach medycznych na uniwersytecie w Nuln, gdyby nie splot wydarze\u0144, zwany przez niekt\u00f3rych r\u0119k\u0105 bog\u00f3w lub<\/p>\n<div class=\"read-more-wrapper\"><a class=\"read-more\" href=\"https:\/\/wcieniuimperium.pl\/index.php\/eike\/\" title=\"Read More\"> <span class=\"button \">Read More<\/span><\/a><\/div>\n","protected":false},"author":1,"featured_media":1360,"parent":0,"menu_order":0,"comment_status":"closed","ping_status":"closed","template":"","meta":{"_monsterinsights_skip_tracking":false,"_monsterinsights_sitenote_active":false,"_monsterinsights_sitenote_note":"","_monsterinsights_sitenote_category":0},"_links":{"self":[{"href":"https:\/\/wcieniuimperium.pl\/index.php\/wp-json\/wp\/v2\/pages\/88"}],"collection":[{"href":"https:\/\/wcieniuimperium.pl\/index.php\/wp-json\/wp\/v2\/pages"}],"about":[{"href":"https:\/\/wcieniuimperium.pl\/index.php\/wp-json\/wp\/v2\/types\/page"}],"author":[{"embeddable":true,"href":"https:\/\/wcieniuimperium.pl\/index.php\/wp-json\/wp\/v2\/users\/1"}],"replies":[{"embeddable":true,"href":"https:\/\/wcieniuimperium.pl\/index.php\/wp-json\/wp\/v2\/comments?post=88"}],"version-history":[{"count":4,"href":"https:\/\/wcieniuimperium.pl\/index.php\/wp-json\/wp\/v2\/pages\/88\/revisions"}],"predecessor-version":[{"id":2427,"href":"https:\/\/wcieniuimperium.pl\/index.php\/wp-json\/wp\/v2\/pages\/88\/revisions\/2427"}],"wp:featuredmedia":[{"embeddable":true,"href":"https:\/\/wcieniuimperium.pl\/index.php\/wp-json\/wp\/v2\/media\/1360"}],"wp:attachment":[{"href":"https:\/\/wcieniuimperium.pl\/index.php\/wp-json\/wp\/v2\/media?parent=88"}],"curies":[{"name":"wp","href":"https:\/\/api.w.org\/{rel}","templated":true}]}}