{"id":953,"date":"2020-04-10T12:53:24","date_gmt":"2020-04-10T10:53:24","guid":{"rendered":"https:\/\/wcieniuimperium.pl\/?page_id=953"},"modified":"2020-11-18T13:08:10","modified_gmt":"2020-11-18T12:08:10","slug":"iii-zaklete-rewiry","status":"publish","type":"page","link":"https:\/\/wcieniuimperium.pl\/index.php\/iii-zaklete-rewiry\/","title":{"rendered":"III. Na stra\u017cy porz\u0105dku"},"content":{"rendered":"<h3 style=\"text-align: justify;\"><em>&#8222;Making the rounds&#8221;<\/em><\/h3>\n<p style=\"text-align: justify;\">Zestaw Startowy do WFRP 4e, zawiera kilka mniejszych przyg\u00f3d, oraz g\u0142\u00f3wn\u0105 przygod\u0119 \u201eNa stra\u017cy porz\u0105dku\u201d z kt\u00f3rej poczynania mojej dzielnej dru\u017cyny b\u0119d\u0119 tu opisywa\u0142. Poniewa\u017c poprzednie sesje przygotowywa\u0142em zanim zestaw si\u0119 ukaza\u0142, rzecz dzieje si\u0119 w Wissenlandzkim mie\u015bcie Wusterburg, zamiast w Ubersreik.<\/p>\n<p><a href=\"https:\/\/wcieniuimperium.pl\/index.php\/2020\/03\/21\/wusternurg\/\">Wusterburg &#8211; opis miasta<\/a><\/p>\n<p>Rozpocznij przygod\u0119:<\/p>\n<ol>\n<li><a href=\"https:\/\/wcieniuimperium.pl\/index.php\/2020\/04\/10\/kuglarze\/\">Kuglarze<\/a><\/li>\n<li>\u00a0<a href=\"https:\/\/wcieniuimperium.pl\/index.php\/2020\/04\/24\/2-jarmark\/\">Jarmark<\/a><\/li>\n<li>\u00a0<a href=\"https:\/\/wcieniuimperium.pl\/index.php\/2020\/06\/19\/3-pierwsza-nocka\/\">Pierwsza nocka<\/a><\/li>\n<\/ol>\n<p><a href=\"https:\/\/wcieniuimperium.pl\/index.php\/blog\/\">Inne przygody<\/a><\/p>\n\n\n<figure class=\"wp-block-embed-youtube wp-block-embed is-type-video is-provider-youtube wp-embed-aspect-16-9 wp-has-aspect-ratio\"><div class=\"wp-block-embed__wrapper\">\n<div class=\"embed-container\"><iframe loading=\"lazy\" title=\"#3 Zestaw Startowy WFRP 4e &quot;Na stra\u017cy porz\u0105dku&quot; | recenzja i wra\u017cenia z przygody\" width=\"1170\" height=\"658\" src=\"https:\/\/www.youtube.com\/embed\/qMrp7fElwSg?feature=oembed\" frameborder=\"0\" allow=\"accelerometer; autoplay; clipboard-write; encrypted-media; gyroscope; picture-in-picture; web-share\" allowfullscreen><\/iframe><\/div>\n<\/div><\/figure>\n\n\n\n<figure class=\"wp-block-image size-large\"><img loading=\"lazy\" width=\"792\" height=\"1024\" src=\"https:\/\/wcieniuimperium.pl\/wp-content\/uploads\/2020\/04\/starter-set-cover-792x1024.jpg\" alt=\"\" class=\"wp-image-1049\" srcset=\"https:\/\/wcieniuimperium.pl\/wp-content\/uploads\/2020\/04\/starter-set-cover-792x1024.jpg 792w, https:\/\/wcieniuimperium.pl\/wp-content\/uploads\/2020\/04\/starter-set-cover-232x300.jpg 232w, https:\/\/wcieniuimperium.pl\/wp-content\/uploads\/2020\/04\/starter-set-cover-768x993.jpg 768w, https:\/\/wcieniuimperium.pl\/wp-content\/uploads\/2020\/04\/starter-set-cover.jpg 835w\" sizes=\"(max-width: 792px) 100vw, 792px\" \/><\/figure>\n","protected":false},"excerpt":{"rendered":"<p>&#8222;Making the rounds&#8221; Zestaw Startowy do WFRP 4e, zawiera kilka mniejszych przyg\u00f3d, oraz g\u0142\u00f3wn\u0105 przygod\u0119 \u201eNa stra\u017cy porz\u0105dku\u201d z kt\u00f3rej poczynania mojej dzielnej dru\u017cyny b\u0119d\u0119 tu opisywa\u0142. Poniewa\u017c poprzednie sesje przygotowywa\u0142em zanim zestaw si\u0119 ukaza\u0142, rzecz dzieje si\u0119 w Wissenlandzkim mie\u015bcie Wusterburg, zamiast w Ubersreik. Wusterburg &#8211; opis miasta Rozpocznij przygod\u0119: Kuglarze \u00a0Jarmark \u00a0Pierwsza nocka<\/p>\n<div class=\"read-more-wrapper\"><a class=\"read-more\" href=\"https:\/\/wcieniuimperium.pl\/index.php\/iii-zaklete-rewiry\/\" title=\"Read More\"> <span class=\"button \">Read More<\/span><\/a><\/div>\n","protected":false},"author":1,"featured_media":0,"parent":0,"menu_order":0,"comment_status":"closed","ping_status":"closed","template":"","meta":{"_monsterinsights_skip_tracking":false,"_monsterinsights_sitenote_active":false,"_monsterinsights_sitenote_note":"","_monsterinsights_sitenote_category":0},"_links":{"self":[{"href":"https:\/\/wcieniuimperium.pl\/index.php\/wp-json\/wp\/v2\/pages\/953"}],"collection":[{"href":"https:\/\/wcieniuimperium.pl\/index.php\/wp-json\/wp\/v2\/pages"}],"about":[{"href":"https:\/\/wcieniuimperium.pl\/index.php\/wp-json\/wp\/v2\/types\/page"}],"author":[{"embeddable":true,"href":"https:\/\/wcieniuimperium.pl\/index.php\/wp-json\/wp\/v2\/users\/1"}],"replies":[{"embeddable":true,"href":"https:\/\/wcieniuimperium.pl\/index.php\/wp-json\/wp\/v2\/comments?post=953"}],"version-history":[{"count":8,"href":"https:\/\/wcieniuimperium.pl\/index.php\/wp-json\/wp\/v2\/pages\/953\/revisions"}],"predecessor-version":[{"id":1563,"href":"https:\/\/wcieniuimperium.pl\/index.php\/wp-json\/wp\/v2\/pages\/953\/revisions\/1563"}],"wp:attachment":[{"href":"https:\/\/wcieniuimperium.pl\/index.php\/wp-json\/wp\/v2\/media?parent=953"}],"curies":[{"name":"wp","href":"https:\/\/api.w.org\/{rel}","templated":true}]}}